{"id":2,"date":"2021-06-07T20:23:53","date_gmt":"2021-06-07T20:23:53","guid":{"rendered":"https:\/\/garciaamezcua.com\/abogados\/?page_id=2"},"modified":"2021-07-28T08:45:55","modified_gmt":"2021-07-28T08:45:55","slug":"sample-page","status":"publish","type":"page","link":"https:\/\/garciaamezcua.com\/abogados\/sample-page\/","title":{"rendered":"FINANCIACI\u00d3N Y SEGUROS"},"content":{"rendered":"<h2 style=\"text-align: center;\"><span style=\"color: #ff6600;\">SEGUROS<\/span><\/h2>\n<p><img loading=\"lazy\" class=\" wp-image-156 alignleft\" src=\"https:\/\/garciaamezcua.com\/abogados\/wp-content\/uploads\/2021\/07\/seguro.jpg\" alt=\"\" width=\"252\" height=\"162\" \/>Te ayudamos a conseguir el <span style=\"color: #ff6600;\"><strong>Mejor Seguro al Mejor Precio<\/strong><\/span>, tanto para la empresa como para el \u00e1mbito privado.<\/p>\n<p><strong><span style=\"color: #ff6600;\">Hogar, coche, moto, responsabilidad civil, salud<\/span><\/strong>&#8230; Estamos especializados en seguros en el \u00c1rea Audiovisual y de Artes Esc\u00e9nicas.<\/p>\n<p><strong><span style=\"color: #993366;\">Escr\u00edbenos y haznos saber tus necesidades.<\/span> <\/strong>a estos mails indicando tu n\u00famero de tel\u00e9fono, email, nombre completo:<\/p>\n<p style=\"text-align: center;\"><span style=\"color: #ff6600;\"><strong> seguro@garciaamezcua.com <\/strong>o<strong> garciaamezcuaseguro@gmail.com <\/strong><\/span><\/p>\n<h2 style=\"text-align: center;\"><span style=\"color: #0000ff;\"><strong>FONDOS Y FINANCIACI\u00d3N<\/strong><\/span><\/h2>\n<h3 style=\"text-align: center;\">TE AYUDAMOS A ENCONTRAR LA MEJOR MANERA DE FINANCIAR TU EMPRESA O TU PROYECTO PARTICULAR<\/h3>\n<p><img loading=\"lazy\" class=\"size-medium wp-image-150 alignleft\" src=\"https:\/\/garciaamezcua.com\/abogados\/wp-content\/uploads\/2021\/07\/financiacion-empresarial-300x200.jpg\" alt=\"\" width=\"300\" height=\"200\" srcset=\"https:\/\/garciaamezcua.com\/abogados\/wp-content\/uploads\/2021\/07\/financiacion-empresarial-300x200.jpg 300w, https:\/\/garciaamezcua.com\/abogados\/wp-content\/uploads\/2021\/07\/financiacion-empresarial-450x300.jpg 450w, https:\/\/garciaamezcua.com\/abogados\/wp-content\/uploads\/2021\/07\/financiacion-empresarial-150x100.jpg 150w, https:\/\/garciaamezcua.com\/abogados\/wp-content\/uploads\/2021\/07\/financiacion-empresarial.jpg 630w\" sizes=\"(max-width: 300px) 100vw, 300px\" \/>Obtener fondos para una empresa es una acci\u00f3n dif\u00edcil para cualquier marca y requiere de planificaci\u00f3n. Sin estabilidad financiera, los negocios no tendr\u00e1n la base para realizar esfuerzos con el fin de evolucionar las l\u00edneas de productos, ampliar el negocio o hacer nuevas inversiones.<\/p>\n<p><span style=\"color: #0000ff;\"><strong>Si necesitas financiaci\u00f3n<\/strong> <\/span>para tu empresa, socios inversores o una hipoteca o pr\u00e9stamo personal, <span style=\"color: #0000ff;\"><strong>env\u00edanos un e-mail<\/strong> <\/span>con tus datos y necesidades a cualquiera de estos correos:<\/p>\n<p style=\"text-align: center;\"><span style=\"color: #0000ff;\"><strong>financiacion@garciaamezcua.com <\/strong>o<strong> garciaamezcuafinanciacion@gmail.com<\/strong><\/span><\/p>\n<p style=\"text-align: left;\"><strong><span style=\"color: #ff6600;\">Mientras nos escribes te ofrecemos Tres Consejos para ayudar a mantener a los emprendedores fuera de problemas financieros:<\/span><\/strong><\/p>\n<p><strong><span style=\"color: #0000ff;\">Desarrollar una visi\u00f3n<\/span><br \/>\n<\/strong><img loading=\"lazy\" class=\"size-medium wp-image-153 alignright\" src=\"https:\/\/garciaamezcua.com\/abogados\/wp-content\/uploads\/2021\/07\/crecimiento-dinero-300x139.jpg\" alt=\"\" width=\"300\" height=\"139\" srcset=\"https:\/\/garciaamezcua.com\/abogados\/wp-content\/uploads\/2021\/07\/crecimiento-dinero-300x139.jpg 300w, https:\/\/garciaamezcua.com\/abogados\/wp-content\/uploads\/2021\/07\/crecimiento-dinero.jpg 330w\" sizes=\"(max-width: 300px) 100vw, 300px\" \/>Resulta indispensable elaborar un control financiero que pueda dirigir los gastos de entrada y salida, as\u00ed como demostrar el retorno de inversi\u00f3n y detallar los gastos futuros. Tambi\u00e9n explicar c\u00f3mo se va a gestionar el dinero y las cuentas por cobrar.<\/p>\n<p>Para dar seguimiento a las finanzas se debe estructurar una estrategia de comunicaci\u00f3n clara con los inversionistas, a fin de crear una correcta rendici\u00f3n de cuentas para el emprendedor y su equipo. La transparencia en las finanzas ser\u00e1 una inversi\u00f3n rentable y mostrar\u00e1 una madurez empresarial.<\/p>\n<p><strong><img loading=\"lazy\" class=\" wp-image-154 alignleft\" src=\"https:\/\/garciaamezcua.com\/abogados\/wp-content\/uploads\/2021\/07\/business-angel-300x193.png\" alt=\"\" width=\"175\" height=\"113\" srcset=\"https:\/\/garciaamezcua.com\/abogados\/wp-content\/uploads\/2021\/07\/business-angel-300x193.png 300w, https:\/\/garciaamezcua.com\/abogados\/wp-content\/uploads\/2021\/07\/business-angel.png 700w\" sizes=\"(max-width: 175px) 100vw, 175px\" \/><span style=\"color: #0000ff;\">Utilizar a los inversionistas<\/span><br \/>\n<\/strong>Estos jugadores est\u00e1n apoyando el crecimiento de la empresa, por lo que es una buena se\u00f1al estar dentro de las decisiones de negocios para ellos. Por ejemplo, si se tiene la oportunidad de mantener una estrategia de marketing, mientras que se sostiene el crecimiento puede reducir los costos y estirar una inversi\u00f3n adicional.<\/p>\n<p><strong><img loading=\"lazy\" class=\"size-medium wp-image-155 alignright\" src=\"https:\/\/garciaamezcua.com\/abogados\/wp-content\/uploads\/2021\/07\/startup-finanzierung-t-300x158.jpg\" alt=\"\" width=\"300\" height=\"158\" srcset=\"https:\/\/garciaamezcua.com\/abogados\/wp-content\/uploads\/2021\/07\/startup-finanzierung-t-300x158.jpg 300w, https:\/\/garciaamezcua.com\/abogados\/wp-content\/uploads\/2021\/07\/startup-finanzierung-t-1024x538.jpg 1024w, https:\/\/garciaamezcua.com\/abogados\/wp-content\/uploads\/2021\/07\/startup-finanzierung-t-768x403.jpg 768w, https:\/\/garciaamezcua.com\/abogados\/wp-content\/uploads\/2021\/07\/startup-finanzierung-t.jpg 1200w\" sizes=\"(max-width: 300px) 100vw, 300px\" \/><span style=\"color: #0000ff;\">Tomar decisiones<\/span><br \/>\n<\/strong>Las deficiencias con dif\u00edciles de admitir, pero tener conciencia de ellas convierte a un empresario inteligente al estar centrado en el futuro financiero de su empresa.<br \/>\nSer due\u00f1o de un negocio no abarca pensar s\u00f3lo en el dinero; el manejo de las finanzas es la clave del \u00e9xito a largo plazo.<\/p>\n<p>&nbsp;<\/p>\n<p><img loading=\"lazy\" class=\"size-medium wp-image-35 aligncenter\" src=\"https:\/\/garciaamezcua.com\/abogados\/wp-content\/uploads\/2021\/06\/garciaamezcua_logo_peq-300x64.png\" alt=\"\" width=\"300\" height=\"64\" srcset=\"https:\/\/garciaamezcua.com\/abogados\/wp-content\/uploads\/2021\/06\/garciaamezcua_logo_peq-300x64.png 300w, https:\/\/garciaamezcua.com\/abogados\/wp-content\/uploads\/2021\/06\/garciaamezcua_logo_peq.png 500w\" sizes=\"(max-width: 300px) 100vw, 300px\" \/><\/p>\n","protected":false},"excerpt":{"rendered":"<p>SEGUROS Te ayudamos a conseguir el Mejor Seguro al Mejor Precio, tanto para la empresa como para el \u00e1mbito privado. Hogar, coche, moto, responsabilidad civil, salud&#8230; Estamos especializados en seguros en el \u00c1rea Audiovisual y de Artes Esc\u00e9nicas. Escr\u00edbenos y haznos saber tus necesidades. a estos mails indicando tu n\u00famero de tel\u00e9fono, email, nombre completo: [&hellip;]<\/p>\n","protected":false},"author":1,"featured_media":0,"parent":0,"menu_order":0,"comment_status":"closed","ping_status":"closed","template":"","meta":[],"yoast_head":"<!-- This site is optimized with the Yoast SEO plugin v16.4 - https:\/\/yoast.com\/wordpress\/plugins\/seo\/ -->\n<title>FINANCIACI\u00d3N Y SEGUROS - GarciaAmezcua<\/title>\n<meta name=\"robots\" content=\"index, follow, max-snippet:-1, max-image-preview:large, max-video-preview:-1\" \/>\n<link rel=\"canonical\" href=\"https:\/\/garciaamezcua.com\/abogados\/sample-page\/\" \/>\n<meta property=\"og:locale\" content=\"es_ES\" \/>\n<meta property=\"og:type\" content=\"article\" \/>\n<meta property=\"og:title\" content=\"FINANCIACI\u00d3N Y SEGUROS - GarciaAmezcua\" \/>\n<meta property=\"og:description\" content=\"SEGUROS Te ayudamos a conseguir el Mejor Seguro al Mejor Precio, tanto para la empresa como para el \u00e1mbito privado. Hogar, coche, moto, responsabilidad civil, salud&#8230; Estamos especializados en seguros en el \u00c1rea Audiovisual y de Artes Esc\u00e9nicas. Escr\u00edbenos y haznos saber tus necesidades. a estos mails indicando tu n\u00famero de tel\u00e9fono, email, nombre completo: [&hellip;]\" \/>\n<meta property=\"og:url\" content=\"https:\/\/garciaamezcua.com\/abogados\/sample-page\/\" \/>\n<meta property=\"og:site_name\" content=\"GarciaAmezcua\" \/>\n<meta property=\"article:modified_time\" content=\"2021-07-28T08:45:55+00:00\" \/>\n<meta property=\"og:image\" content=\"https:\/\/garciaamezcua.com\/abogados\/wp-content\/uploads\/2021\/07\/seguro.jpg\" \/>\n<meta name=\"twitter:card\" content=\"summary_large_image\" \/>\n<meta name=\"twitter:label1\" content=\"Tiempo de lectura\" \/>\n\t<meta name=\"twitter:data1\" content=\"3 minutos\" \/>\n<script type=\"application\/ld+json\" class=\"yoast-schema-graph\">{\"@context\":\"https:\/\/schema.org\",\"@graph\":[{\"@type\":\"WebSite\",\"@id\":\"https:\/\/garciaamezcua.com\/abogados\/#website\",\"url\":\"https:\/\/garciaamezcua.com\/abogados\/\",\"name\":\"GarciaAmezcua\",\"description\":\"\",\"potentialAction\":[{\"@type\":\"SearchAction\",\"target\":\"https:\/\/garciaamezcua.com\/abogados\/?s={search_term_string}\",\"query-input\":\"required name=search_term_string\"}],\"inLanguage\":\"es\"},{\"@type\":\"ImageObject\",\"@id\":\"https:\/\/garciaamezcua.com\/abogados\/sample-page\/#primaryimage\",\"inLanguage\":\"es\",\"url\":\"https:\/\/garciaamezcua.com\/abogados\/wp-content\/uploads\/2021\/07\/seguro.jpg\",\"contentUrl\":\"https:\/\/garciaamezcua.com\/abogados\/wp-content\/uploads\/2021\/07\/seguro.jpg\",\"width\":280,\"height\":180},{\"@type\":\"WebPage\",\"@id\":\"https:\/\/garciaamezcua.com\/abogados\/sample-page\/#webpage\",\"url\":\"https:\/\/garciaamezcua.com\/abogados\/sample-page\/\",\"name\":\"FINANCIACI\\u00d3N Y SEGUROS - GarciaAmezcua\",\"isPartOf\":{\"@id\":\"https:\/\/garciaamezcua.com\/abogados\/#website\"},\"primaryImageOfPage\":{\"@id\":\"https:\/\/garciaamezcua.com\/abogados\/sample-page\/#primaryimage\"},\"datePublished\":\"2021-06-07T20:23:53+00:00\",\"dateModified\":\"2021-07-28T08:45:55+00:00\",\"breadcrumb\":{\"@id\":\"https:\/\/garciaamezcua.com\/abogados\/sample-page\/#breadcrumb\"},\"inLanguage\":\"es\",\"potentialAction\":[{\"@type\":\"ReadAction\",\"target\":[\"https:\/\/garciaamezcua.com\/abogados\/sample-page\/\"]}]},{\"@type\":\"BreadcrumbList\",\"@id\":\"https:\/\/garciaamezcua.com\/abogados\/sample-page\/#breadcrumb\",\"itemListElement\":[{\"@type\":\"ListItem\",\"position\":1,\"item\":{\"@type\":\"WebPage\",\"@id\":\"https:\/\/garciaamezcua.com\/abogados\/\",\"url\":\"https:\/\/garciaamezcua.com\/abogados\/\",\"name\":\"Portada\"}},{\"@type\":\"ListItem\",\"position\":2,\"item\":{\"@id\":\"https:\/\/garciaamezcua.com\/abogados\/sample-page\/#webpage\"}}]}]}<\/script>\n<!-- \/ Yoast SEO plugin. -->","_links":{"self":[{"href":"https:\/\/garciaamezcua.com\/abogados\/wp-json\/wp\/v2\/pages\/2"}],"collection":[{"href":"https:\/\/garciaamezcua.com\/abogados\/wp-json\/wp\/v2\/pages"}],"about":[{"href":"https:\/\/garciaamezcua.com\/abogados\/wp-json\/wp\/v2\/types\/page"}],"author":[{"embeddable":true,"href":"https:\/\/garciaamezcua.com\/abogados\/wp-json\/wp\/v2\/users\/1"}],"replies":[{"embeddable":true,"href":"https:\/\/garciaamezcua.com\/abogados\/wp-json\/wp\/v2\/comments?post=2"}],"version-history":[{"count":14,"href":"https:\/\/garciaamezcua.com\/abogados\/wp-json\/wp\/v2\/pages\/2\/revisions"}],"predecessor-version":[{"id":166,"href":"https:\/\/garciaamezcua.com\/abogados\/wp-json\/wp\/v2\/pages\/2\/revisions\/166"}],"wp:attachment":[{"href":"https:\/\/garciaamezcua.com\/abogados\/wp-json\/wp\/v2\/media?parent=2"}],"curies":[{"name":"wp","href":"https:\/\/api.w.org\/{rel}","templated":true}]}}