{"id":22,"date":"2021-06-22T11:31:15","date_gmt":"2021-06-22T11:31:15","guid":{"rendered":"https:\/\/garciaamezcua.com\/abogados\/?page_id=22"},"modified":"2021-07-20T16:35:25","modified_gmt":"2021-07-20T16:35:25","slug":"juridico","status":"publish","type":"page","link":"https:\/\/garciaamezcua.com\/abogados\/juridico\/","title":{"rendered":"JUR\u00cdDICO"},"content":{"rendered":"<p><strong><img loading=\"lazy\" class=\" wp-image-70 alignright\" src=\"https:\/\/garciaamezcua.com\/abogados\/wp-content\/uploads\/2021\/07\/empresas-respetables-300x185.jpg\" alt=\"\" width=\"379\" height=\"234\" srcset=\"https:\/\/garciaamezcua.com\/abogados\/wp-content\/uploads\/2021\/07\/empresas-respetables-300x185.jpg 300w, https:\/\/garciaamezcua.com\/abogados\/wp-content\/uploads\/2021\/07\/empresas-respetables-768x472.jpg 768w, https:\/\/garciaamezcua.com\/abogados\/wp-content\/uploads\/2021\/07\/empresas-respetables.jpg 800w\" sizes=\"(max-width: 379px) 100vw, 379px\" \/>APOSTAMOS<\/strong> por:<\/p>\n<ul>\n<li>La Negociaci\u00f3n. \u00abEl mejor abogado no es el que te lleva a un juicio.\u00bb<\/li>\n<li>Soluciones r\u00e1pidas y ventajosas.<\/li>\n<li>B\u00fasqueda de sinergias y colaboraciones.<\/li>\n<li>Eficiencia y Efectividad.<\/li>\n<li>Respeto.<\/li>\n<li>Sostenibilidad.<\/li>\n<\/ul>\n<p style=\"text-align: center;\"><strong><em>\u00abGanar cien veces en cien batallas no es el apogeo de la habilidad. Someter al enemigo sin pelear es el apogeo de la habilidad\u00bb<\/em><\/strong><\/p>\n<p><strong><img loading=\"lazy\" class=\"size-medium wp-image-73 alignright\" src=\"https:\/\/garciaamezcua.com\/abogados\/wp-content\/uploads\/2021\/07\/derecho-audiovisual-300x154.jpg\" alt=\"\" width=\"300\" height=\"154\" srcset=\"https:\/\/garciaamezcua.com\/abogados\/wp-content\/uploads\/2021\/07\/derecho-audiovisual-300x154.jpg 300w, https:\/\/garciaamezcua.com\/abogados\/wp-content\/uploads\/2021\/07\/derecho-audiovisual.jpg 640w\" sizes=\"(max-width: 300px) 100vw, 300px\" \/>\u00c1REAS JUR\u00cdDICAS<\/strong> de trabajo:<\/p>\n<ul>\n<li>Derecho y Gesti\u00f3n Audiovisual y de Artes Esc\u00e9nicas.<\/li>\n<li>Derecho Civil y Mercantil.\n<ul>\n<li>Asesoramiento integral de la empresa<\/li>\n<li>Intangibles mercantiles<\/li>\n<li>E-Commerce e I+D<\/li>\n<li>Contrataci\u00f3n<\/li>\n<\/ul>\n<\/li>\n<li><img loading=\"lazy\" class=\"size-medium wp-image-69 alignright\" src=\"https:\/\/garciaamezcua.com\/abogados\/wp-content\/uploads\/2021\/07\/negociacion-300x225.jpg\" alt=\"\" width=\"300\" height=\"225\" srcset=\"https:\/\/garciaamezcua.com\/abogados\/wp-content\/uploads\/2021\/07\/negociacion-300x225.jpg 300w, https:\/\/garciaamezcua.com\/abogados\/wp-content\/uploads\/2021\/07\/negociacion.jpg 398w\" sizes=\"(max-width: 300px) 100vw, 300px\" \/>Derecho Urban\u00edstico e Inmobiliario.<\/li>\n<li>Derecho de Extranjer\u00eda.<\/li>\n<li>Derecho Medioambiental.<\/li>\n<li>Derecho y Propiedad Intelectual e Industrial.<\/li>\n<li>Mediaci\u00f3n e Intermediaci\u00f3n<\/li>\n<\/ul>\n","protected":false},"excerpt":{"rendered":"<p>APOSTAMOS por: La Negociaci\u00f3n. \u00abEl mejor abogado no es el que te lleva a un juicio.\u00bb Soluciones r\u00e1pidas y ventajosas. B\u00fasqueda de sinergias y colaboraciones. Eficiencia y Efectividad. Respeto. Sostenibilidad. \u00abGanar cien veces en cien batallas no es el apogeo de la habilidad. Someter al enemigo sin pelear es el apogeo de la habilidad\u00bb \u00c1REAS [&hellip;]<\/p>\n","protected":false},"author":1,"featured_media":60,"parent":0,"menu_order":0,"comment_status":"closed","ping_status":"closed","template":"","meta":[],"yoast_head":"<!-- This site is optimized with the Yoast SEO plugin v16.4 - https:\/\/yoast.com\/wordpress\/plugins\/seo\/ -->\n<title>JUR\u00cdDICO - GarciaAmezcua<\/title>\n<meta name=\"description\" content=\"Garc\u00eda Amezcua, despacho jur\u00eddico y gabinete de abogados, ofrece un asesoramiento integral a personas y empresas. Especializado en Derecho Audiovisual y de Artes Esc\u00e9nicas, Contrataci\u00f3n, Derecho Urban\u00edstico, Civil y Mercantil, Extranjer\u00eda. Consultor\u00eda integral de empresa audiovisual y de artes esc\u00e9nicas.\" \/>\n<meta name=\"robots\" content=\"index, follow, max-snippet:-1, max-image-preview:large, max-video-preview:-1\" \/>\n<link rel=\"canonical\" href=\"https:\/\/garciaamezcua.com\/abogados\/juridico\/\" \/>\n<meta property=\"og:locale\" content=\"es_ES\" \/>\n<meta property=\"og:type\" content=\"article\" \/>\n<meta property=\"og:title\" content=\"JUR\u00cdDICO - GarciaAmezcua\" \/>\n<meta property=\"og:description\" content=\"Garc\u00eda Amezcua, despacho jur\u00eddico y gabinete de abogados, ofrece un asesoramiento integral a personas y empresas. Especializado en Derecho Audiovisual y de Artes Esc\u00e9nicas, Contrataci\u00f3n, Derecho Urban\u00edstico, Civil y Mercantil, Extranjer\u00eda. Consultor\u00eda integral de empresa audiovisual y de artes esc\u00e9nicas.\" \/>\n<meta property=\"og:url\" content=\"https:\/\/garciaamezcua.com\/abogados\/juridico\/\" \/>\n<meta property=\"og:site_name\" content=\"GarciaAmezcua\" \/>\n<meta property=\"article:modified_time\" content=\"2021-07-20T16:35:25+00:00\" \/>\n<meta property=\"og:image\" content=\"https:\/\/garciaamezcua.com\/abogados\/wp-content\/uploads\/2021\/06\/cropped-cropped-cropped-cropped-garciaamezcua_logo_peq-1-1-1.png\" \/>\n\t<meta property=\"og:image:width\" content=\"500\" \/>\n\t<meta property=\"og:image:height\" content=\"106\" \/>\n<meta name=\"twitter:card\" content=\"summary_large_image\" \/>\n<meta name=\"twitter:label1\" content=\"Tiempo de lectura\" \/>\n\t<meta name=\"twitter:data1\" content=\"2 minutos\" \/>\n<script type=\"application\/ld+json\" class=\"yoast-schema-graph\">{\"@context\":\"https:\/\/schema.org\",\"@graph\":[{\"@type\":\"WebSite\",\"@id\":\"https:\/\/garciaamezcua.com\/abogados\/#website\",\"url\":\"https:\/\/garciaamezcua.com\/abogados\/\",\"name\":\"GarciaAmezcua\",\"description\":\"\",\"potentialAction\":[{\"@type\":\"SearchAction\",\"target\":\"https:\/\/garciaamezcua.com\/abogados\/?s={search_term_string}\",\"query-input\":\"required name=search_term_string\"}],\"inLanguage\":\"es\"},{\"@type\":\"ImageObject\",\"@id\":\"https:\/\/garciaamezcua.com\/abogados\/juridico\/#primaryimage\",\"inLanguage\":\"es\",\"url\":\"https:\/\/garciaamezcua.com\/abogados\/wp-content\/uploads\/2021\/06\/cropped-cropped-cropped-cropped-garciaamezcua_logo_peq-1-1-1.png\",\"contentUrl\":\"https:\/\/garciaamezcua.com\/abogados\/wp-content\/uploads\/2021\/06\/cropped-cropped-cropped-cropped-garciaamezcua_logo_peq-1-1-1.png\",\"width\":500,\"height\":106},{\"@type\":\"WebPage\",\"@id\":\"https:\/\/garciaamezcua.com\/abogados\/juridico\/#webpage\",\"url\":\"https:\/\/garciaamezcua.com\/abogados\/juridico\/\",\"name\":\"JUR\\u00cdDICO - GarciaAmezcua\",\"isPartOf\":{\"@id\":\"https:\/\/garciaamezcua.com\/abogados\/#website\"},\"primaryImageOfPage\":{\"@id\":\"https:\/\/garciaamezcua.com\/abogados\/juridico\/#primaryimage\"},\"datePublished\":\"2021-06-22T11:31:15+00:00\",\"dateModified\":\"2021-07-20T16:35:25+00:00\",\"description\":\"Garc\\u00eda Amezcua, despacho jur\\u00eddico y gabinete de abogados, ofrece un asesoramiento integral a personas y empresas. Especializado en Derecho Audiovisual y de Artes Esc\\u00e9nicas, Contrataci\\u00f3n, Derecho Urban\\u00edstico, Civil y Mercantil, Extranjer\\u00eda. Consultor\\u00eda integral de empresa audiovisual y de artes esc\\u00e9nicas.\",\"breadcrumb\":{\"@id\":\"https:\/\/garciaamezcua.com\/abogados\/juridico\/#breadcrumb\"},\"inLanguage\":\"es\",\"potentialAction\":[{\"@type\":\"ReadAction\",\"target\":[\"https:\/\/garciaamezcua.com\/abogados\/juridico\/\"]}]},{\"@type\":\"BreadcrumbList\",\"@id\":\"https:\/\/garciaamezcua.com\/abogados\/juridico\/#breadcrumb\",\"itemListElement\":[{\"@type\":\"ListItem\",\"position\":1,\"item\":{\"@type\":\"WebPage\",\"@id\":\"https:\/\/garciaamezcua.com\/abogados\/\",\"url\":\"https:\/\/garciaamezcua.com\/abogados\/\",\"name\":\"Portada\"}},{\"@type\":\"ListItem\",\"position\":2,\"item\":{\"@id\":\"https:\/\/garciaamezcua.com\/abogados\/juridico\/#webpage\"}}]}]}<\/script>\n<!-- \/ Yoast SEO plugin. -->","_links":{"self":[{"href":"https:\/\/garciaamezcua.com\/abogados\/wp-json\/wp\/v2\/pages\/22"}],"collection":[{"href":"https:\/\/garciaamezcua.com\/abogados\/wp-json\/wp\/v2\/pages"}],"about":[{"href":"https:\/\/garciaamezcua.com\/abogados\/wp-json\/wp\/v2\/types\/page"}],"author":[{"embeddable":true,"href":"https:\/\/garciaamezcua.com\/abogados\/wp-json\/wp\/v2\/users\/1"}],"replies":[{"embeddable":true,"href":"https:\/\/garciaamezcua.com\/abogados\/wp-json\/wp\/v2\/comments?post=22"}],"version-history":[{"count":5,"href":"https:\/\/garciaamezcua.com\/abogados\/wp-json\/wp\/v2\/pages\/22\/revisions"}],"predecessor-version":[{"id":111,"href":"https:\/\/garciaamezcua.com\/abogados\/wp-json\/wp\/v2\/pages\/22\/revisions\/111"}],"wp:featuredmedia":[{"embeddable":true,"href":"https:\/\/garciaamezcua.com\/abogados\/wp-json\/wp\/v2\/media\/60"}],"wp:attachment":[{"href":"https:\/\/garciaamezcua.com\/abogados\/wp-json\/wp\/v2\/media?parent=22"}],"curies":[{"name":"wp","href":"https:\/\/api.w.org\/{rel}","templated":true}]}}