{"id":25,"date":"2021-06-22T18:26:40","date_gmt":"2021-06-22T18:26:40","guid":{"rendered":"https:\/\/garciaamezcua.com\/realestate\/?page_id=25"},"modified":"2023-06-18T11:25:11","modified_gmt":"2023-06-18T11:25:11","slug":"home","status":"publish","type":"page","link":"https:\/\/garciaamezcua.com\/realestate\/","title":{"rendered":"Inicio"},"content":{"rendered":"\t<div class=\"epl-search-forms-wrapper epl-search-default\">\r\n\t\t\t<div class=\"epl-search-form epl-sb-current\" id=\"epl_ps_tab_1\">\r\n\t\t\t\t<form method=\"get\" action=\"https:\/\/garciaamezcua.com\/realestate\/\">\r\n\t\t\t<input type=\"hidden\" name=\"action\" value=\"epl_search\" \/>\r\n\t\t\t\t\t<input type=\"hidden\" class=\"in-field field-width post_type\"\r\n\t\t\tname=\"post_type\"\r\n\t\t\tid=\"post_type\"\r\n\t\t\tvalue=\"property\"\r\n\t\t\/>\r\n\t\t\t\t<input type=\"hidden\" class=\"in-field field-width property_status\"\r\n\t\t\tname=\"property_status\"\r\n\t\t\tid=\"property_status\"\r\n\t\t\tvalue=\"\"\r\n\t\t\/>\r\n\t\t\t\t<div class=\"epl-search-row epl-search-row-select epl-property_location fm-block epl-search-row-full\">\r\n\t\t\t<label for=\"property_location\" class=\"epl-search-label fm-label\" style=\"color: #083a65; font-size: 14px;\">\r\n\t\t\t\tLocalizaci\u00f3n\t\t\t<\/label>\r\n\t\t\t<div class=\"field\">\r\n\t\t\t\t<select\r\n\t\t\t\t\tname=\"property_location\"\r\n\t\t\t\t\tid=\"property_location\"\r\n\t\t\t\t\t\t\t\t\t\tclass=\"in-field field-width property_location\">\r\n\t\t\t\t\t<option value=\"\">\r\n\t\t\t\t\t\tSeleccionar\t\t\t\t\t<\/option>\r\n\t\t\t\t\t<option value=\"4\">M\u00e1laga<\/option>\t\t\t\t<\/select>\r\n\t\t\t<\/div>\r\n\t\t<\/div>\r\n\t\t\t\t<div class=\"epl-search-row epl-search-row-select epl-property_category fm-block epl-search-row-full\">\r\n\t\t\t<label for=\"property_category\" class=\"epl-search-label fm-label\" style=\"color: #083a65; font-size: 14px;\">\r\n\t\t\t\tCategor\u00edas\t\t\t<\/label>\r\n\t\t\t<div class=\"field\">\r\n\t\t\t\t<select\r\n\t\t\t\t\tname=\"property_category\"\r\n\t\t\t\t\tid=\"property_category\"\r\n\t\t\t\t\t\t\t\t\t\tclass=\"in-field field-width property_category\">\r\n\t\t\t\t\t<option value=\"\">\r\n\t\t\t\t\t\tSeleccionar\t\t\t\t\t<\/option>\r\n\t\t\t\t\t<option value=\"Villa\">Villa<\/option>\t\t\t\t<\/select>\r\n\t\t\t<\/div>\r\n\t\t<\/div>\r\n\t\t\t\t<div class=\"epl-search-row epl-search-row-select epl-property_price_from fm-block epl-search-row-half\">\r\n\t\t\t<label for=\"property_price_from\" class=\"epl-search-label fm-label\" style=\"color: #083a65; font-size: 14px;\">\r\n\t\t\t\tPRECIO desde\t\t\t<\/label>\r\n\t\t\t<div class=\"field\">\r\n\t\t\t\t<select\r\n\t\t\t\t\tname=\"property_price_from\"\r\n\t\t\t\t\tid=\"property_price_from\"\r\n\t\t\t\t\t data-min=\"50000\" data-max=\"10000000\" \t\t\t\t\tclass=\"in-field field-width property_price_from\">\r\n\t\t\t\t\t<option value=\"\">\r\n\t\t\t\t\t\tSeleccionar\t\t\t\t\t<\/option>\r\n\t\t\t\t\t<option value=\"50000\">50.000&euro;<\/option><option value=\"100000\">100.000&euro;<\/option><option value=\"150000\">150.000&euro;<\/option><option value=\"200000\">200.000&euro;<\/option><option value=\"250000\">250.000&euro;<\/option><option value=\"300000\">300.000&euro;<\/option><option value=\"350000\">350.000&euro;<\/option><option value=\"400000\">400.000&euro;<\/option><option value=\"450000\">450.000&euro;<\/option><option value=\"500000\">500.000&euro;<\/option><option value=\"550000\">550.000&euro;<\/option><option value=\"600000\">600.000&euro;<\/option><option value=\"650000\">650.000&euro;<\/option><option value=\"700000\">700.000&euro;<\/option><option value=\"750000\">750.000&euro;<\/option><option value=\"800000\">800.000&euro;<\/option><option value=\"850000\">850.000&euro;<\/option><option value=\"900000\">900.000&euro;<\/option><option value=\"950000\">950.000&euro;<\/option><option value=\"1000000\">1.000.000&euro;<\/option><option value=\"1250000\">1.250.000&euro;<\/option><option value=\"1500000\">1.500.000&euro;<\/option><option value=\"1750000\">1.750.000&euro;<\/option><option value=\"2000000\">2.000.000&euro;<\/option><option value=\"2250000\">2.250.000&euro;<\/option><option value=\"2500000\">2.500.000&euro;<\/option><option value=\"2750000\">2.750.000&euro;<\/option><option value=\"3000000\">3.000.000&euro;<\/option><option value=\"4000000\">4.000.000&euro;<\/option><option value=\"5000000\">5.000.000&euro;<\/option><option value=\"10000000\">10.000.000&euro;<\/option>\t\t\t\t<\/select>\r\n\t\t\t<\/div>\r\n\t\t<\/div>\r\n\t\t\t\t<div class=\"epl-search-row epl-search-row-select epl-property_price_to fm-block epl-search-row-half\">\r\n\t\t\t<label for=\"property_price_to\" class=\"epl-search-label fm-label\" style=\"color: #083a65; font-size: 14px;\">\r\n\t\t\t\tPRECIO hasta\t\t\t<\/label>\r\n\t\t\t<div class=\"field\">\r\n\t\t\t\t<select\r\n\t\t\t\t\tname=\"property_price_to\"\r\n\t\t\t\t\tid=\"property_price_to\"\r\n\t\t\t\t\t data-min=\"50000\" data-max=\"10000000\" \t\t\t\t\tclass=\"in-field field-width property_price_to\">\r\n\t\t\t\t\t<option value=\"\">\r\n\t\t\t\t\t\tSeleccionar\t\t\t\t\t<\/option>\r\n\t\t\t\t\t<option value=\"50000\">50.000&euro;<\/option><option value=\"100000\">100.000&euro;<\/option><option value=\"150000\">150.000&euro;<\/option><option value=\"200000\">200.000&euro;<\/option><option value=\"250000\">250.000&euro;<\/option><option value=\"300000\">300.000&euro;<\/option><option value=\"350000\">350.000&euro;<\/option><option value=\"400000\">400.000&euro;<\/option><option value=\"450000\">450.000&euro;<\/option><option value=\"500000\">500.000&euro;<\/option><option value=\"550000\">550.000&euro;<\/option><option value=\"600000\">600.000&euro;<\/option><option value=\"650000\">650.000&euro;<\/option><option value=\"700000\">700.000&euro;<\/option><option value=\"750000\">750.000&euro;<\/option><option value=\"800000\">800.000&euro;<\/option><option value=\"850000\">850.000&euro;<\/option><option value=\"900000\">900.000&euro;<\/option><option value=\"950000\">950.000&euro;<\/option><option value=\"1000000\">1.000.000&euro;<\/option><option value=\"1250000\">1.250.000&euro;<\/option><option value=\"1500000\">1.500.000&euro;<\/option><option value=\"1750000\">1.750.000&euro;<\/option><option value=\"2000000\">2.000.000&euro;<\/option><option value=\"2250000\">2.250.000&euro;<\/option><option value=\"2500000\">2.500.000&euro;<\/option><option value=\"2750000\">2.750.000&euro;<\/option><option value=\"3000000\">3.000.000&euro;<\/option><option value=\"4000000\">4.000.000&euro;<\/option><option value=\"5000000\">5.000.000&euro;<\/option><option value=\"10000000\">10.000.000&euro;<\/option>\t\t\t\t<\/select>\r\n\t\t\t<\/div>\r\n\t\t<\/div>\r\n\t\t\t\t<div class=\"epl-search-row epl-search-row-select epl-property_bedrooms_min fm-block epl-search-row-half\">\r\n\t\t\t<label for=\"property_bedrooms_min\" class=\"epl-search-label fm-label\" style=\"color: #083a65; font-size: 14px;\">\r\n\t\t\t\tHabitaciones -\t\t\t<\/label>\r\n\t\t\t<div class=\"field\">\r\n\t\t\t\t<select\r\n\t\t\t\t\tname=\"property_bedrooms_min\"\r\n\t\t\t\t\tid=\"property_bedrooms_min\"\r\n\t\t\t\t\t data-min=\"1\" data-max=\"10\" \t\t\t\t\tclass=\"in-field field-width property_bedrooms_min\">\r\n\t\t\t\t\t<option value=\"\">\r\n\t\t\t\t\t\tSeleccionar\t\t\t\t\t<\/option>\r\n\t\t\t\t\t<option value=\"1\">1 +<\/option><option value=\"2\">2 +<\/option><option value=\"3\">3 +<\/option><option value=\"4\">4 +<\/option><option value=\"5\">5 +<\/option><option value=\"6\">6 +<\/option><option value=\"7\">7 +<\/option><option value=\"8\">8 +<\/option><option value=\"9\">9 +<\/option><option value=\"10\">10 +<\/option>\t\t\t\t<\/select>\r\n\t\t\t<\/div>\r\n\t\t<\/div>\r\n\t\t\t\t<div class=\"epl-search-row epl-search-row-select epl-property_bedrooms_max fm-block epl-search-row-half\">\r\n\t\t\t<label for=\"property_bedrooms_max\" class=\"epl-search-label fm-label\" style=\"color: #083a65; font-size: 14px;\">\r\n\t\t\t\tHabitaciones +\t\t\t<\/label>\r\n\t\t\t<div class=\"field\">\r\n\t\t\t\t<select\r\n\t\t\t\t\tname=\"property_bedrooms_max\"\r\n\t\t\t\t\tid=\"property_bedrooms_max\"\r\n\t\t\t\t\t data-min=\"1\" data-max=\"10\" \t\t\t\t\tclass=\"in-field field-width property_bedrooms_max\">\r\n\t\t\t\t\t<option value=\"\">\r\n\t\t\t\t\t\tSeleccionar\t\t\t\t\t<\/option>\r\n\t\t\t\t\t<option value=\"1\">1 +<\/option><option value=\"2\">2 +<\/option><option value=\"3\">3 +<\/option><option value=\"4\">4 +<\/option><option value=\"5\">5 +<\/option><option value=\"6\">6 +<\/option><option value=\"7\">7 +<\/option><option value=\"8\">8 +<\/option><option value=\"9\">9 +<\/option><option value=\"10\">10 +<\/option>\t\t\t\t<\/select>\r\n\t\t\t<\/div>\r\n\t\t<\/div>\r\n\t\t\t\t<div class=\"epl-search-row epl-search-row-select epl-property_bathrooms fm-block epl-search-row-half\">\r\n\t\t\t<label for=\"property_bathrooms\" class=\"epl-search-label fm-label\" style=\"color: #083a65; font-size: 14px;\">\r\n\t\t\t\tBa\u00f1os\t\t\t<\/label>\r\n\t\t\t<div class=\"field\">\r\n\t\t\t\t<select\r\n\t\t\t\t\tname=\"property_bathrooms\"\r\n\t\t\t\t\tid=\"property_bathrooms\"\r\n\t\t\t\t\t data-min=\"1\" data-max=\"3\" \t\t\t\t\tclass=\"in-field field-width property_bathrooms\">\r\n\t\t\t\t\t<option value=\"\">\r\n\t\t\t\t\t\tSeleccionar\t\t\t\t\t<\/option>\r\n\t\t\t\t\t<option value=\"1\">1 +<\/option><option value=\"2\">2 +<\/option><option value=\"3\">3 +<\/option>\t\t\t\t<\/select>\r\n\t\t\t<\/div>\r\n\t\t<\/div>\r\n\t\t<div class=\"epl-search-row epl-search-other\">\t\t\r\n\t\t\t\t\r\n\t\t\t\t\r\n\t\t<\/div>\t\t\t\t<div class=\"epl-search-submit-row epl-search-submit property-type-search\">\r\n\t\t\t\t\t<input type=\"submit\" value=\"BUSCAR\" class=\"epl-search-btn\" style=\"border-radius: 50px; height: 60px; background-color:#1470be; color: white;\" \/>\r\n\t\t\t\t<\/div>\r\n\t\t\t<\/form>\r\n\t\t\t<\/div>\r\n\t\t\t<\/div>\r\n\t\n","protected":false},"excerpt":{"rendered":"Localizaci\u00f3n Seleccionar M\u00e1laga Categor\u00edas Seleccionar Villa PRECIO desde Seleccionar 50.000&euro;100.000&euro;150.000&euro;200.000&euro;250.000&euro;300.000&euro;350.000&euro;400.000&euro;450.000&euro;500.000&euro;550.000&euro;600.000&euro;650.000&euro;700.000&euro;750.000&euro;800.000&euro;850.000&euro;900.000&euro;950.000&euro;1.000.000&euro;1.250.000&euro;1.500.000&euro;1.750.000&euro;2.000.000&euro;2.250.000&euro;2.500.000&euro;2.750.000&euro;3.000.000&euro;4.000.000&euro;5.000.000&euro;10.000.000&euro; PRECIO hasta Seleccionar 50.000&euro;100.000&euro;150.000&euro;200.000&euro;250.000&euro;300.000&euro;350.000&euro;400.000&euro;450.000&euro;500.000&euro;550.000&euro;600.000&euro;650.000&euro;700.000&euro;750.000&euro;800.000&euro;850.000&euro;900.000&euro;950.000&euro;1.000.000&euro;1.250.000&euro;1.500.000&euro;1.750.000&euro;2.000.000&euro;2.250.000&euro;2.500.000&euro;2.750.000&euro;3.000.000&euro;4.000.000&euro;5.000.000&euro;10.000.000&euro; Habitaciones - Seleccionar 1 +2 +3 +4 +5 +6 +7 +8 +9 +10 + Habitaciones + Seleccionar 1 +2 +3 +4 +5 +6 +7 +8 +9 +10 + Ba\u00f1os Seleccionar 1 +2 +3 +","protected":false},"author":1,"featured_media":85,"parent":0,"menu_order":0,"comment_status":"closed","ping_status":"closed","template":"templates\/template-frontpage.php","meta":[],"_links":{"self":[{"href":"https:\/\/garciaamezcua.com\/realestate\/wp-json\/wp\/v2\/pages\/25"}],"collection":[{"href":"https:\/\/garciaamezcua.com\/realestate\/wp-json\/wp\/v2\/pages"}],"about":[{"href":"https:\/\/garciaamezcua.com\/realestate\/wp-json\/wp\/v2\/types\/page"}],"author":[{"embeddable":true,"href":"https:\/\/garciaamezcua.com\/realestate\/wp-json\/wp\/v2\/users\/1"}],"replies":[{"embeddable":true,"href":"https:\/\/garciaamezcua.com\/realestate\/wp-json\/wp\/v2\/comments?post=25"}],"version-history":[{"count":2,"href":"https:\/\/garciaamezcua.com\/realestate\/wp-json\/wp\/v2\/pages\/25\/revisions"}],"predecessor-version":[{"id":43,"href":"https:\/\/garciaamezcua.com\/realestate\/wp-json\/wp\/v2\/pages\/25\/revisions\/43"}],"wp:featuredmedia":[{"embeddable":true,"href":"https:\/\/garciaamezcua.com\/realestate\/wp-json\/wp\/v2\/media\/85"}],"wp:attachment":[{"href":"https:\/\/garciaamezcua.com\/realestate\/wp-json\/wp\/v2\/media?parent=25"}],"curies":[{"name":"wp","href":"https:\/\/api.w.org\/{rel}","templated":true}]}}